{"id":16,"date":"2020-06-12T20:37:44","date_gmt":"2020-06-12T20:37:44","guid":{"rendered":"https:\/\/miley-berlin.de\/?page_id=16"},"modified":"2020-06-12T20:42:27","modified_gmt":"2020-06-12T20:42:27","slug":"miley-berlin-2020","status":"publish","type":"page","link":"https:\/\/miley-berlin.de\/?page_id=16","title":{"rendered":"miley-berlin 2020"},"content":{"rendered":"\n<p>Durch Corona sind meine Resourcen und Aktivit\u00e4ten beschr\u00e4ngt \u2013 wie bei allen anderen Menschen auch. Allerdings scheint es K\u00fcnstler h\u00e4rter zu treffen. <br>Ausstellungen fallen aus oder werden verschoben. Die existentielle Basis schrumpft.<\/p>\n\n\n\n<p>Nat\u00fcrlich gibt es das Internet  \u2013 aber das ersetzt nicht  die reale Pr\u00e4senz, in Form von Bildnerischem Werk k\u00fcnstlerischem Konzept oder Performance.<\/p>\n\n\n\n<p>Trotzdem: Am 29. \u2013 30. August 2020 nehme ich am Moabiter Ortstermin teil.<\/p>\n\n\n\n<ol class=\"wp-block-list\"><li>in between: Videoclip \u201estoppclipp\u201c <br>Ortstermin20-claim: \u201ebis hier aber nicht weiter!\u201c<\/li><li>Mit der Drittbrett Holzschneider Gruppe in der Galerie Udo W\u00fcrtenberger, Elberfelder Str. 10, 10555 Berlin-Moabit<\/li><\/ol>\n\n\n\n<figure class=\"wp-block-image size-large\"><img loading=\"lazy\" decoding=\"async\" width=\"768\" height=\"432\" src=\"https:\/\/miley-berlin.de\/wp-content\/uploads\/2020\/06\/Stoppclipp_3-768.jpg\" alt=\"\" class=\"wp-image-19\" srcset=\"https:\/\/miley-berlin.de\/wp-content\/uploads\/2020\/06\/Stoppclipp_3-768.jpg 768w, https:\/\/miley-berlin.de\/wp-content\/uploads\/2020\/06\/Stoppclipp_3-768-300x169.jpg 300w\" sizes=\"auto, (max-width: 768px) 100vw, 768px\" \/><\/figure>\n","protected":false},"excerpt":{"rendered":"<p>Durch Corona sind meine Resourcen und Aktivit\u00e4ten beschr\u00e4ngt \u2013 wie bei allen anderen Menschen auch. Allerdings scheint es K\u00fcnstler h\u00e4rter zu treffen. Ausstellungen fallen aus oder werden verschoben. Die existentielle Basis schrumpft. Nat\u00fcrlich gibt es das Internet \u2013 aber das ersetzt nicht die reale Pr\u00e4senz, in Form von Bildnerischem Werk k\u00fcnstlerischem Konzept oder Performance. Trotzdem:&hellip; <a class=\"more-link\" href=\"https:\/\/miley-berlin.de\/?page_id=16\"><span class=\"screen-reader-text\">miley-berlin 2020<\/span> weiterlesen<\/a><\/p>\n","protected":false},"author":1,"featured_media":0,"parent":0,"menu_order":0,"comment_status":"closed","ping_status":"closed","template":"","meta":{"footnotes":""},"class_list":["post-16","page","type-page","status-publish","hentry","entry"],"_links":{"self":[{"href":"https:\/\/miley-berlin.de\/index.php?rest_route=\/wp\/v2\/pages\/16","targetHints":{"allow":["GET"]}}],"collection":[{"href":"https:\/\/miley-berlin.de\/index.php?rest_route=\/wp\/v2\/pages"}],"about":[{"href":"https:\/\/miley-berlin.de\/index.php?rest_route=\/wp\/v2\/types\/page"}],"author":[{"embeddable":true,"href":"https:\/\/miley-berlin.de\/index.php?rest_route=\/wp\/v2\/users\/1"}],"replies":[{"embeddable":true,"href":"https:\/\/miley-berlin.de\/index.php?rest_route=%2Fwp%2Fv2%2Fcomments&post=16"}],"version-history":[{"count":3,"href":"https:\/\/miley-berlin.de\/index.php?rest_route=\/wp\/v2\/pages\/16\/revisions"}],"predecessor-version":[{"id":20,"href":"https:\/\/miley-berlin.de\/index.php?rest_route=\/wp\/v2\/pages\/16\/revisions\/20"}],"wp:attachment":[{"href":"https:\/\/miley-berlin.de\/index.php?rest_route=%2Fwp%2Fv2%2Fmedia&parent=16"}],"curies":[{"name":"wp","href":"https:\/\/api.w.org\/{rel}","templated":true}]}}