{"id":64,"date":"2022-06-09T09:14:56","date_gmt":"2022-06-09T09:14:56","guid":{"rendered":"https:\/\/miley-berlin.de\/?page_id=64"},"modified":"2022-09-20T08:23:42","modified_gmt":"2022-09-20T08:23:42","slug":"ausstellung","status":"publish","type":"page","link":"https:\/\/miley-berlin.de\/?page_id=64","title":{"rendered":"Ausstellungen"},"content":{"rendered":"\n<p class=\"has-dark-gray-color has-text-color has-large-font-size\"><strong>Michael Ley \u2013 miley-berlin<\/strong><\/p>\n\n\n\n<p>Ausstellung Sommer 2022 in der Heilandskirche Berlin-Moabit<\/p>\n\n\n\n<p class=\"has-large-font-size\">Thema: <strong>B\u00e4ume und B\u00f6den <\/strong><\/p>\n\n\n\n<p>Zeichnungen, Druckgrafik, Videoclips und Performance (Druckdemo)<\/p>\n\n\n\n<figure class=\"wp-block-image size-full\"><img loading=\"lazy\" decoding=\"async\" width=\"640\" height=\"680\" src=\"https:\/\/miley-berlin.de\/wp-content\/uploads\/2022\/06\/woodensun96dpi.jpg\" alt=\"\" class=\"wp-image-73\" srcset=\"https:\/\/miley-berlin.de\/wp-content\/uploads\/2022\/06\/woodensun96dpi.jpg 640w, https:\/\/miley-berlin.de\/wp-content\/uploads\/2022\/06\/woodensun96dpi-282x300.jpg 282w\" sizes=\"auto, (max-width: 640px) 100vw, 640px\" \/><figcaption>wooden sun 2022<\/figcaption><\/figure>\n\n\n\n<p>Ausstellung anl\u00e4sslich des Ortstermins 2022 in der Galerie Udo W\u00fcrtenberger in Moabit am 28. + 29.08.2022.<br>Zwei intensive Ausstellungstage mit vielen Gespr\u00e4chen und wenigen Verk\u00e4ufen. <br>91 Besucher<\/p>\n\n\n\n<p><img loading=\"lazy\" decoding=\"async\" width=\"400\" height=\"460\" class=\"wp-image-92\" style=\"width: 400px;\" src=\"https:\/\/miley-berlin.de\/wp-content\/uploads\/2022\/09\/OT22-Galerie.jpg\" alt=\"\" srcset=\"https:\/\/miley-berlin.de\/wp-content\/uploads\/2022\/09\/OT22-Galerie.jpg 986w, https:\/\/miley-berlin.de\/wp-content\/uploads\/2022\/09\/OT22-Galerie-261x300.jpg 261w, https:\/\/miley-berlin.de\/wp-content\/uploads\/2022\/09\/OT22-Galerie-890x1024.jpg 890w, https:\/\/miley-berlin.de\/wp-content\/uploads\/2022\/09\/OT22-Galerie-768x883.jpg 768w\" sizes=\"auto, (max-width: 400px) 100vw, 400px\" \/>Galerieansicht OT 22<\/p>\n","protected":false},"excerpt":{"rendered":"<p>Michael Ley \u2013 miley-berlin Ausstellung Sommer 2022 in der Heilandskirche Berlin-Moabit Thema: B\u00e4ume und B\u00f6den Zeichnungen, Druckgrafik, Videoclips und Performance (Druckdemo) Ausstellung anl\u00e4sslich des Ortstermins 2022 in der Galerie Udo W\u00fcrtenberger in Moabit am 28. + 29.08.2022.Zwei intensive Ausstellungstage mit vielen Gespr\u00e4chen und wenigen Verk\u00e4ufen. 91 Besucher Galerieansicht OT 22<\/p>\n","protected":false},"author":1,"featured_media":0,"parent":0,"menu_order":0,"comment_status":"closed","ping_status":"closed","template":"","meta":{"footnotes":""},"class_list":["post-64","page","type-page","status-publish","hentry","entry"],"_links":{"self":[{"href":"https:\/\/miley-berlin.de\/index.php?rest_route=\/wp\/v2\/pages\/64","targetHints":{"allow":["GET"]}}],"collection":[{"href":"https:\/\/miley-berlin.de\/index.php?rest_route=\/wp\/v2\/pages"}],"about":[{"href":"https:\/\/miley-berlin.de\/index.php?rest_route=\/wp\/v2\/types\/page"}],"author":[{"embeddable":true,"href":"https:\/\/miley-berlin.de\/index.php?rest_route=\/wp\/v2\/users\/1"}],"replies":[{"embeddable":true,"href":"https:\/\/miley-berlin.de\/index.php?rest_route=%2Fwp%2Fv2%2Fcomments&post=64"}],"version-history":[{"count":6,"href":"https:\/\/miley-berlin.de\/index.php?rest_route=\/wp\/v2\/pages\/64\/revisions"}],"predecessor-version":[{"id":94,"href":"https:\/\/miley-berlin.de\/index.php?rest_route=\/wp\/v2\/pages\/64\/revisions\/94"}],"wp:attachment":[{"href":"https:\/\/miley-berlin.de\/index.php?rest_route=%2Fwp%2Fv2%2Fmedia&parent=64"}],"curies":[{"name":"wp","href":"https:\/\/api.w.org\/{rel}","templated":true}]}}